{"id":1828,"date":"2025-06-24T11:10:12","date_gmt":"2025-06-24T09:10:12","guid":{"rendered":"https:\/\/www.lakfront.pl\/?page_id=1828"},"modified":"2026-03-18T09:26:38","modified_gmt":"2026-03-18T08:26:38","slug":"dzieciece","status":"publish","type":"page","link":"https:\/\/www.lakfront.pl\/en\/meble-na-wymiar\/dzieciece\/","title":{"rendered":"Meble dzieci\u0119ce \u2013 Warszawa"},"content":{"rendered":"<div data-elementor-type=\"wp-page\" data-elementor-id=\"1828\" class=\"elementor elementor-1828\">\n\t\t\t\t\t\t\t\t\t<section class=\"elementor-section elementor-top-section elementor-element elementor-element-d94779f elementor-section-boxed elementor-section-height-default elementor-section-height-default\" data-id=\"d94779f\" data-element_type=\"section\" data-settings=\"{&quot;background_background&quot;:&quot;classic&quot;}\">\n\t\t\t\t\t\t<div class=\"elementor-container elementor-column-gap-default\">\n\t\t\t\t\t<div class=\"elementor-column elementor-col-100 elementor-top-column elementor-element elementor-element-39d3513\" data-id=\"39d3513\" data-element_type=\"column\">\n\t\t\t<div class=\"elementor-widget-wrap elementor-element-populated\">\n\t\t\t\t\t\t\t\t<div class=\"elementor-element elementor-element-cb76fc5 elementor-widget elementor-widget-text-editor\" data-id=\"cb76fc5\" data-element_type=\"widget\" data-widget_type=\"text-editor.default\">\n\t\t\t\t<div class=\"elementor-widget-container\">\n\t\t\t<style>\/*! elementor - v3.15.0 - 09-08-2023 *\/\n.elementor-widget-text-editor.elementor-drop-cap-view-stacked .elementor-drop-cap{background-color:#69727d;color:#fff}.elementor-widget-text-editor.elementor-drop-cap-view-framed .elementor-drop-cap{color:#69727d;border:3px solid;background-color:transparent}.elementor-widget-text-editor:not(.elementor-drop-cap-view-default) .elementor-drop-cap{margin-top:8px}.elementor-widget-text-editor:not(.elementor-drop-cap-view-default) .elementor-drop-cap-letter{width:1em;height:1em}.elementor-widget-text-editor .elementor-drop-cap{float:left;text-align:center;line-height:1;font-size:50px}.elementor-widget-text-editor .elementor-drop-cap-letter{display:inline-block}<\/style>\t\t\t\t<h1 style=\"color:#fff\">Meble dzieci\u0119ce \u2013 Warszawa<\/h1>\n<p>Zastanawiasz si\u0119 nad urz\u0105dzeniem pokoju dla swojego dziecka? Lakfront oferuje kompleksow\u0105 ofert\u0119 <strong>mebli dzieci\u0119cych<\/strong> na wymiar, kt\u00f3re s\u0105 nie tylko estetyczne, ale przede wszystkim funkcjonalne i dopasowane do indywidualnych potrzeb Twojego dziecka. Mo\u017cemy stworzy\u0107 meble, kt\u00f3re b\u0119d\u0105 ros\u0142y wraz z Twoim dzieckiem, dostosowuj\u0105c si\u0119 do jego wzrostu, zainteresowa\u0144 i stylu \u017cycia. Nasze produkty to gwarancja satysfakcji zar\u00f3wno dla najm\u0142odszych, jak i rodzic\u00f3w.<\/p>\n<p><strong>Lakfront to do\u015bwiadczony producent mebli dla dzieci z siedzib\u0105 w Warszawie<\/strong>. Dzia\u0142amy na rynku od ponad 17 lat, realizuj\u0105c projekty na terenie ca\u0142ej Polski. Posiadamy w\u0142asny zak\u0142ad produkcyjny, co pozwala nam utrzyma\u0107 pe\u0142n\u0105 kontrol\u0119 nad jako\u015bci\u0105 i terminowo\u015bci\u0105 realizacji zam\u00f3wie\u0144. Nie korzystamy z us\u0142ug podwykonawc\u00f3w, dzi\u0119ki czemu mo\u017cemy zagwarantowa\u0107 najwy\u017csz\u0105 jako\u015b\u0107 naszych produkt\u00f3w.<\/p>\n<h2 style=\"color:#fff\">Zalety naszych mebli dla dzieci robionych na zam\u00f3wienie<\/h2>\n<p><strong>Dlaczego warto wybra\u0107 meble dla dzieci robione na zam\u00f3wienie<\/strong>? Przede wszystkim pozwalaj\u0105 one optymalnie wykorzysta\u0107 dost\u0119pn\u0105 przestrze\u0144. Dzi\u0119ki mo\u017cliwo\u015bci stworzenia unikalnych rozwi\u0105za\u0144, meble te rosn\u0105 wraz z dzieckiem, a tak\u017ce u\u0142atwiaj\u0105 utrzymanie porz\u0105dku. Lakfront oferuje szeroki wyb\u00f3r mebli na wymiar, kt\u00f3re s\u0105 nie tylko praktyczne, ale r\u00f3wnie\u017c estetyczne i trwa\u0142e.<\/p>\n<p>Co wi\u0119cej, <strong>w produkcji mebli dla dzieci korzystamy z najwy\u017cszej jako\u015bci materia\u0142\u00f3w<\/strong>, takich jak laminowane p\u0142yty wi\u00f3rowe, p\u0142yty MDF, HDF i LDF. Te elementy zapewniaj\u0105 trwa\u0142o\u015b\u0107, odporno\u015b\u0107 na wilgo\u0107 i uszkodzenia oraz estetyk\u0119. Dodatkowo, dzi\u0119ki nowoczesnym technologiom i precyzyjnemu wykonaniu, nasze meble s\u0105 nie tylko atrakcyjne wizualnie, ale r\u00f3wnie\u017c bezpieczne dla Twojego dziecka.<\/p>\n<h2 style=\"color:#fff\">Personalizacja i design mebli dla dzieci<\/h2>\n<p><strong>Nasza firma daje Ci mo\u017cliwo\u015b\u0107 indywidualnego projektowania mebli dla dzieci<\/strong>. Mo\u017cesz wybra\u0107 kolorystyk\u0119, kszta\u0142ty oraz motywy tematyczne \u2013 od ksi\u0119\u017cniczek po pirat\u00f3w. Oferujemy r\u00f3wnie\u017c funkcjonalne elementy, takie jak biurka, szafy czy tablice do rysowania. Ponadto przygotowali\u015bmy du\u017cy wyb\u00f3r samych <a href=\"https:\/\/www.lakfront.pl\/en\/produkcja-frontow-meblowych\/\">front\u00f3w meblowych<\/a>. Nasze rozwi\u0105zania wspieraj\u0105 rozw\u00f3j i zainteresowania Twojego dziecka.<\/p>\n<p><strong>Zam\u00f3wienie mebli dla dzieci w Lakfront to proces sk\u0142adaj\u0105cy si\u0119 z kilku etap\u00f3w<\/strong>. Rozpoczyna si\u0119 od konsultacji, podczas kt\u00f3rych omawiamy Twoje oczekiwania i potrzeby. Nast\u0119pnie przechodzimy do projektowania, dobierania materia\u0142\u00f3w i kolor\u00f3w. Po akceptacji projektu, meble s\u0105 produkowane w naszym zak\u0142adzie, a nast\u0119pnie transportowane i montowane u Ciebie w domu. Na ka\u017cdym etapie mo\u017cesz liczy\u0107 na nasze wsparcie i profesjonalizm.<\/p>\n<h2 style=\"color:#fff\">Bezpiecze\u0144stwo i ergonomia mebli dla dzieci<\/h2>\n<p>Bezpiecze\u0144stwo jest dla nas priorytetem. Dlatego <strong>meble dla dzieci Lakfront charakteryzuj\u0105 si\u0119 zaokr\u0105glonymi kraw\u0119dziami, stabilno\u015bci\u0105 konstrukcji oraz nietoksycznymi lakierami<\/strong> i materia\u0142ami. Dodatkowo oferujemy ergonomiczne rozwi\u0105zania dostosowane do wieku i wzrostu dziecka, kt\u00f3re zapewniaj\u0105 komfort u\u017cytkowania.<\/p>\n<p><strong>Wybieraj\u0105c lokalnego producenta mebli dla dzieci z Warszawy, zyskujesz wiele korzy\u015bci<\/strong>. \u0141atwy kontakt, szybka realizacja zam\u00f3wienia, mo\u017cliwo\u015b\u0107 ogl\u0105dania pr\u00f3bek oraz wsparcie posprzeda\u017cowe to tylko niekt\u00f3re z nich. Ponadto jako lokalny producent znamy potrzeby i trendy wn\u0119trzarskie naszego regionu. Zapraszamy do kontaktu. Jeste\u015bmy do Twojej dyspozycji \u2013 udzielimy dodatkowych informacji oraz przygotujemy wycen\u0119 i doradzimy najlepsze rozwi\u0105zania.<\/p>\n\n\n\t\t\t\t\t\t<\/div>\n\t\t\t\t<\/div>\n\t\t\t\t\t<\/div>\n\t\t<\/div>\n\t\t\t\t\t\t\t<\/div>\n\t\t<\/section>\n\t\t\t\t<section class=\"elementor-section elementor-top-section elementor-element elementor-element-75945f9 elementor-section-content-middle elementor-section-boxed elementor-section-height-default elementor-section-height-default\" data-id=\"75945f9\" data-element_type=\"section\" data-settings=\"{&quot;background_background&quot;:&quot;classic&quot;}\">\n\t\t\t\t\t\t<div class=\"elementor-container elementor-column-gap-default\">\n\t\t\t\t\t<div class=\"elementor-column elementor-col-50 elementor-top-column elementor-element elementor-element-3d77f1a\" data-id=\"3d77f1a\" data-element_type=\"column\">\n\t\t\t<div class=\"elementor-widget-wrap elementor-element-populated\">\n\t\t\t\t\t\t\t\t<div class=\"elementor-element elementor-element-861bd3b elementor-widget elementor-widget-heading\" data-id=\"861bd3b\" data-element_type=\"widget\" data-widget_type=\"heading.default\">\n\t\t\t\t<div class=\"elementor-widget-container\">\n\t\t\t<style>\/*! elementor - v3.15.0 - 09-08-2023 *\/\n.elementor-heading-title{padding:0;margin:0;line-height:1}.elementor-widget-heading .elementor-heading-title[class*=elementor-size-]>a{color:inherit;font-size:inherit;line-height:inherit}.elementor-widget-heading .elementor-heading-title.elementor-size-small{font-size:15px}.elementor-widget-heading .elementor-heading-title.elementor-size-medium{font-size:19px}.elementor-widget-heading .elementor-heading-title.elementor-size-large{font-size:29px}.elementor-widget-heading .elementor-heading-title.elementor-size-xl{font-size:39px}.elementor-widget-heading .elementor-heading-title.elementor-size-xxl{font-size:59px}<\/style><h2 class=\"elementor-heading-title elementor-size-default\">Want to know more?Contact us!<br><\/h2>\t\t<\/div>\n\t\t\t\t<\/div>\n\t\t\t\t\t<\/div>\n\t\t<\/div>\n\t\t\t\t<div class=\"elementor-column elementor-col-50 elementor-top-column elementor-element elementor-element-dbfe357\" data-id=\"dbfe357\" data-element_type=\"column\">\n\t\t\t<div class=\"elementor-widget-wrap elementor-element-populated\">\n\t\t\t\t\t\t\t\t<div class=\"elementor-element elementor-element-6541853 elementor-align-right elementor-mobile-align-center elementor-widget elementor-widget-button\" data-id=\"6541853\" data-element_type=\"widget\" data-widget_type=\"button.default\">\n\t\t\t\t<div class=\"elementor-widget-container\">\n\t\t\t\t\t<div class=\"elementor-button-wrapper\">\n\t\t\t<a class=\"elementor-button elementor-button-link elementor-size-sm\" href=\"https:\/\/www.lakfront.pl\/en\/kontakt\/\">\n\t\t\t\t\t\t<span class=\"elementor-button-content-wrapper\">\n\t\t\t\t\t\t<span class=\"elementor-button-text\">Contact<\/span>\n\t\t<\/span>\n\t\t\t\t\t<\/a>\n\t\t<\/div>\n\t\t\t\t<\/div>\n\t\t\t\t<\/div>\n\t\t\t\t\t<\/div>\n\t\t<\/div>\n\t\t\t\t\t\t\t<\/div>\n\t\t<\/section>\n\t\t\t\t\t\t\t<\/div>","protected":false},"excerpt":{"rendered":"<p>Meble dzieci\u0119ce \u2013 Warszawa Zastanawiasz si\u0119 nad urz\u0105dzeniem pokoju dla swojego dziecka? Lakfront oferuje kompleksow\u0105 ofert\u0119 mebli dzieci\u0119cych na wymiar, kt\u00f3re s\u0105 [&hellip;]<\/p>","protected":false},"author":3,"featured_media":0,"parent":1309,"menu_order":0,"comment_status":"closed","ping_status":"closed","template":"page-templates\/page_front-page.php","meta":{"footnotes":""},"class_list":["post-1828","page","type-page","status-publish","hentry"],"yoast_head":"<!-- This site is optimized with the Yoast SEO plugin v25.1 - https:\/\/yoast.com\/wordpress\/plugins\/seo\/ -->\n<title>Meble dla dzieci \u2013 Warszawa - lakfront.pl<\/title>\n<meta name=\"description\" content=\"Potrzebne Ci funkcjonalne meble dla dzieci w Warszawie? Projektujemy i wykonujemy bezpieczne meble na wymiar do pokoju dzieci\u0119cego. Zobacz nasze realizacje!\" \/>\n<meta name=\"robots\" content=\"index, follow, max-snippet:-1, max-image-preview:large, max-video-preview:-1\" \/>\n<link rel=\"canonical\" href=\"https:\/\/www.lakfront.pl\/en\/meble-na-wymiar\/dzieciece\/\" \/>\n<meta property=\"og:locale\" content=\"en_GB\" \/>\n<meta property=\"og:type\" content=\"article\" \/>\n<meta property=\"og:title\" content=\"Meble dla dzieci \u2013 Warszawa - lakfront.pl\" \/>\n<meta property=\"og:description\" content=\"Potrzebne Ci funkcjonalne meble dla dzieci w Warszawie? Projektujemy i wykonujemy bezpieczne meble na wymiar do pokoju dzieci\u0119cego. Zobacz nasze realizacje!\" \/>\n<meta property=\"og:url\" content=\"https:\/\/www.lakfront.pl\/en\/meble-na-wymiar\/dzieciece\/\" \/>\n<meta property=\"og:site_name\" content=\"lakfront.pl\" \/>\n<meta property=\"article:modified_time\" content=\"2026-03-18T08:26:38+00:00\" \/>\n<meta name=\"twitter:card\" content=\"summary_large_image\" \/>\n<meta name=\"twitter:label1\" content=\"Estimated reading time\" \/>\n\t<meta name=\"twitter:data1\" content=\"3 minutes\" \/>\n<script type=\"application\/ld+json\" class=\"yoast-schema-graph\">{\"@context\":\"https:\/\/schema.org\",\"@graph\":[{\"@type\":\"WebPage\",\"@id\":\"https:\/\/www.lakfront.pl\/meble-na-wymiar\/dzieciece\/\",\"url\":\"https:\/\/www.lakfront.pl\/meble-na-wymiar\/dzieciece\/\",\"name\":\"Meble dla dzieci \u2013 Warszawa - lakfront.pl\",\"isPartOf\":{\"@id\":\"https:\/\/www.lakfront.pl\/#website\"},\"datePublished\":\"2025-06-24T09:10:12+00:00\",\"dateModified\":\"2026-03-18T08:26:38+00:00\",\"description\":\"Potrzebne Ci funkcjonalne meble dla dzieci w Warszawie? Projektujemy i wykonujemy bezpieczne meble na wymiar do pokoju dzieci\u0119cego. Zobacz nasze realizacje!\",\"breadcrumb\":{\"@id\":\"https:\/\/www.lakfront.pl\/meble-na-wymiar\/dzieciece\/#breadcrumb\"},\"inLanguage\":\"en-GB\",\"potentialAction\":[{\"@type\":\"ReadAction\",\"target\":[\"https:\/\/www.lakfront.pl\/meble-na-wymiar\/dzieciece\/\"]}]},{\"@type\":\"BreadcrumbList\",\"@id\":\"https:\/\/www.lakfront.pl\/meble-na-wymiar\/dzieciece\/#breadcrumb\",\"itemListElement\":[{\"@type\":\"ListItem\",\"position\":1,\"name\":\"Strona g\u0142\u00f3wna\",\"item\":\"https:\/\/www.lakfront.pl\/\"},{\"@type\":\"ListItem\",\"position\":2,\"name\":\"meble\",\"item\":\"https:\/\/www.lakfront.pl\/meble-na-wymiar\/\"},{\"@type\":\"ListItem\",\"position\":3,\"name\":\"Meble dzieci\u0119ce \u2013 Warszawa\"}]},{\"@type\":\"WebSite\",\"@id\":\"https:\/\/www.lakfront.pl\/#website\",\"url\":\"https:\/\/www.lakfront.pl\/\",\"name\":\"lakfront.pl\",\"description\":\"\",\"publisher\":{\"@id\":\"https:\/\/www.lakfront.pl\/#organization\"},\"potentialAction\":[{\"@type\":\"SearchAction\",\"target\":{\"@type\":\"EntryPoint\",\"urlTemplate\":\"https:\/\/www.lakfront.pl\/?s={search_term_string}\"},\"query-input\":{\"@type\":\"PropertyValueSpecification\",\"valueRequired\":true,\"valueName\":\"search_term_string\"}}],\"inLanguage\":\"en-GB\"},{\"@type\":\"Organization\",\"@id\":\"https:\/\/www.lakfront.pl\/#organization\",\"name\":\"lakfront.pl\",\"url\":\"https:\/\/www.lakfront.pl\/\",\"logo\":{\"@type\":\"ImageObject\",\"inLanguage\":\"en-GB\",\"@id\":\"https:\/\/www.lakfront.pl\/#\/schema\/logo\/image\/\",\"url\":\"https:\/\/www.lakfront.pl\/wp-content\/uploads\/2023\/03\/logo_tlo.jpg\",\"contentUrl\":\"https:\/\/www.lakfront.pl\/wp-content\/uploads\/2023\/03\/logo_tlo.jpg\",\"width\":500,\"height\":500,\"caption\":\"lakfront.pl\"},\"image\":{\"@id\":\"https:\/\/www.lakfront.pl\/#\/schema\/logo\/image\/\"}}]}<\/script>\n<!-- \/ Yoast SEO plugin. -->","yoast_head_json":{"title":"Meble dla dzieci \u2013 Warszawa - lakfront.pl","description":"Potrzebne Ci funkcjonalne meble dla dzieci w Warszawie? Projektujemy i wykonujemy bezpieczne meble na wymiar do pokoju dzieci\u0119cego. Zobacz nasze realizacje!","robots":{"index":"index","follow":"follow","max-snippet":"max-snippet:-1","max-image-preview":"max-image-preview:large","max-video-preview":"max-video-preview:-1"},"canonical":"https:\/\/www.lakfront.pl\/en\/meble-na-wymiar\/dzieciece\/","og_locale":"en_GB","og_type":"article","og_title":"Meble dla dzieci \u2013 Warszawa - lakfront.pl","og_description":"Potrzebne Ci funkcjonalne meble dla dzieci w Warszawie? Projektujemy i wykonujemy bezpieczne meble na wymiar do pokoju dzieci\u0119cego. Zobacz nasze realizacje!","og_url":"https:\/\/www.lakfront.pl\/en\/meble-na-wymiar\/dzieciece\/","og_site_name":"lakfront.pl","article_modified_time":"2026-03-18T08:26:38+00:00","twitter_card":"summary_large_image","twitter_misc":{"Estimated reading time":"3 minutes"},"schema":{"@context":"https:\/\/schema.org","@graph":[{"@type":"WebPage","@id":"https:\/\/www.lakfront.pl\/meble-na-wymiar\/dzieciece\/","url":"https:\/\/www.lakfront.pl\/meble-na-wymiar\/dzieciece\/","name":"Meble dla dzieci \u2013 Warszawa - lakfront.pl","isPartOf":{"@id":"https:\/\/www.lakfront.pl\/#website"},"datePublished":"2025-06-24T09:10:12+00:00","dateModified":"2026-03-18T08:26:38+00:00","description":"Potrzebne Ci funkcjonalne meble dla dzieci w Warszawie? Projektujemy i wykonujemy bezpieczne meble na wymiar do pokoju dzieci\u0119cego. Zobacz nasze realizacje!","breadcrumb":{"@id":"https:\/\/www.lakfront.pl\/meble-na-wymiar\/dzieciece\/#breadcrumb"},"inLanguage":"en-GB","potentialAction":[{"@type":"ReadAction","target":["https:\/\/www.lakfront.pl\/meble-na-wymiar\/dzieciece\/"]}]},{"@type":"BreadcrumbList","@id":"https:\/\/www.lakfront.pl\/meble-na-wymiar\/dzieciece\/#breadcrumb","itemListElement":[{"@type":"ListItem","position":1,"name":"Strona g\u0142\u00f3wna","item":"https:\/\/www.lakfront.pl\/"},{"@type":"ListItem","position":2,"name":"meble","item":"https:\/\/www.lakfront.pl\/meble-na-wymiar\/"},{"@type":"ListItem","position":3,"name":"Meble dzieci\u0119ce \u2013 Warszawa"}]},{"@type":"WebSite","@id":"https:\/\/www.lakfront.pl\/#website","url":"https:\/\/www.lakfront.pl\/","name":"lakfront.pl","description":"","publisher":{"@id":"https:\/\/www.lakfront.pl\/#organization"},"potentialAction":[{"@type":"SearchAction","target":{"@type":"EntryPoint","urlTemplate":"https:\/\/www.lakfront.pl\/?s={search_term_string}"},"query-input":{"@type":"PropertyValueSpecification","valueRequired":true,"valueName":"search_term_string"}}],"inLanguage":"en-GB"},{"@type":"Organization","@id":"https:\/\/www.lakfront.pl\/#organization","name":"lakfront.pl","url":"https:\/\/www.lakfront.pl\/","logo":{"@type":"ImageObject","inLanguage":"en-GB","@id":"https:\/\/www.lakfront.pl\/#\/schema\/logo\/image\/","url":"https:\/\/www.lakfront.pl\/wp-content\/uploads\/2023\/03\/logo_tlo.jpg","contentUrl":"https:\/\/www.lakfront.pl\/wp-content\/uploads\/2023\/03\/logo_tlo.jpg","width":500,"height":500,"caption":"lakfront.pl"},"image":{"@id":"https:\/\/www.lakfront.pl\/#\/schema\/logo\/image\/"}}]}},"_links":{"self":[{"href":"https:\/\/www.lakfront.pl\/en\/wp-json\/wp\/v2\/pages\/1828","targetHints":{"allow":["GET"]}}],"collection":[{"href":"https:\/\/www.lakfront.pl\/en\/wp-json\/wp\/v2\/pages"}],"about":[{"href":"https:\/\/www.lakfront.pl\/en\/wp-json\/wp\/v2\/types\/page"}],"author":[{"embeddable":true,"href":"https:\/\/www.lakfront.pl\/en\/wp-json\/wp\/v2\/users\/3"}],"replies":[{"embeddable":true,"href":"https:\/\/www.lakfront.pl\/en\/wp-json\/wp\/v2\/comments?post=1828"}],"version-history":[{"count":8,"href":"https:\/\/www.lakfront.pl\/en\/wp-json\/wp\/v2\/pages\/1828\/revisions"}],"predecessor-version":[{"id":1995,"href":"https:\/\/www.lakfront.pl\/en\/wp-json\/wp\/v2\/pages\/1828\/revisions\/1995"}],"up":[{"embeddable":true,"href":"https:\/\/www.lakfront.pl\/en\/wp-json\/wp\/v2\/pages\/1309"}],"wp:attachment":[{"href":"https:\/\/www.lakfront.pl\/en\/wp-json\/wp\/v2\/media?parent=1828"}],"curies":[{"name":"wp","href":"https:\/\/api.w.org\/{rel}","templated":true}]}}