{"id":1615,"date":"2023-01-26T14:50:42","date_gmt":"2023-01-26T13:50:42","guid":{"rendered":"https:\/\/www.lakfront.pl\/?page_id=1615"},"modified":"2023-05-23T11:20:14","modified_gmt":"2023-05-23T09:20:14","slug":"szkolenia","status":"publish","type":"page","link":"https:\/\/www.lakfront.pl\/en\/szkolenia\/","title":{"rendered":"Szkolenia"},"content":{"rendered":"<div data-elementor-type=\"wp-page\" data-elementor-id=\"1615\" class=\"elementor elementor-1615\">\n\t\t\t\t\t\t\t\t\t<section class=\"elementor-section elementor-top-section elementor-element elementor-element-3748d8c3 elementor-section-boxed elementor-section-height-default elementor-section-height-default\" data-id=\"3748d8c3\" data-element_type=\"section\" data-settings=\"{&quot;background_background&quot;:&quot;classic&quot;}\">\n\t\t\t\t\t\t<div class=\"elementor-container elementor-column-gap-default\">\n\t\t\t\t\t<div class=\"elementor-column elementor-col-100 elementor-top-column elementor-element elementor-element-bcb0959\" data-id=\"bcb0959\" data-element_type=\"column\">\n\t\t\t<div class=\"elementor-widget-wrap elementor-element-populated\">\n\t\t\t\t\t\t\t\t<div class=\"elementor-element elementor-element-ca589ba elementor-widget elementor-widget-heading\" data-id=\"ca589ba\" data-element_type=\"widget\" data-widget_type=\"heading.default\">\n\t\t\t\t<div class=\"elementor-widget-container\">\n\t\t\t<style>\/*! elementor - v3.15.0 - 09-08-2023 *\/\n.elementor-heading-title{padding:0;margin:0;line-height:1}.elementor-widget-heading .elementor-heading-title[class*=elementor-size-]>a{color:inherit;font-size:inherit;line-height:inherit}.elementor-widget-heading .elementor-heading-title.elementor-size-small{font-size:15px}.elementor-widget-heading .elementor-heading-title.elementor-size-medium{font-size:19px}.elementor-widget-heading .elementor-heading-title.elementor-size-large{font-size:29px}.elementor-widget-heading .elementor-heading-title.elementor-size-xl{font-size:39px}.elementor-widget-heading .elementor-heading-title.elementor-size-xxl{font-size:59px}<\/style><h2 class=\"elementor-heading-title elementor-size-default\">Szkolenia<\/h2>\t\t<\/div>\n\t\t\t\t<\/div>\n\t\t\t\t<div class=\"elementor-element elementor-element-7c80f137 elementor-widget elementor-widget-text-editor\" data-id=\"7c80f137\" data-element_type=\"widget\" data-widget_type=\"text-editor.default\">\n\t\t\t\t<div class=\"elementor-widget-container\">\n\t\t\t<style>\/*! elementor - v3.15.0 - 09-08-2023 *\/\n.elementor-widget-text-editor.elementor-drop-cap-view-stacked .elementor-drop-cap{background-color:#69727d;color:#fff}.elementor-widget-text-editor.elementor-drop-cap-view-framed .elementor-drop-cap{color:#69727d;border:3px solid;background-color:transparent}.elementor-widget-text-editor:not(.elementor-drop-cap-view-default) .elementor-drop-cap{margin-top:8px}.elementor-widget-text-editor:not(.elementor-drop-cap-view-default) .elementor-drop-cap-letter{width:1em;height:1em}.elementor-widget-text-editor .elementor-drop-cap{float:left;text-align:center;line-height:1;font-size:50px}.elementor-widget-text-editor .elementor-drop-cap-letter{display:inline-block}<\/style>\t\t\t\t<p>Zapraszamy wszystkich zainteresowanych -w tym m\u0142odzie\u017c &#8211; podnoszeniem swoich kwalifikacji do udzia\u0142u w szkoleniach z zakresu:<br \/>\u2013 projektowania i tworzenia mebli<\/p><p>\u2013\u00a0wykorzystania profesjonalnych narz\u0119dzi oraz maszyn s\u0142u\u017c\u0105cych do tworzenia mebli w praktyce<\/p><p>Najbli\u017csze szkolenia odb\u0119d\u0105 si\u0119:<\/p><p>\u2013 20 lutego 2023 r. w godzinach 16:00 \u2013 18:00 (zapisy do 17 lutego 2023 r.)<\/p><p>\u2013 15 marca 2023 r. w godzinach 16:00 \u2013 18:00 (zapisy do 10 marca 2023 r.)<\/p><p>Wszystkich ch\u0119tnych do wzi\u0119cia udzia\u0142u w szkoleniach zapraszamy do zapis\u00f3w pod adresem\u00a0<a href=\"mailto:biuro@lakfront.pl\" target=\"_blank\" rel=\"noopener\">biuro@lakfront.pl<\/a>\u00a0lub kontaktu telefonicznego pod numerem 606-470-939<\/p><p>Liczba miejsc ograniczona !<\/p>\t\t\t\t\t\t<\/div>\n\t\t\t\t<\/div>\n\t\t\t\t\t<\/div>\n\t\t<\/div>\n\t\t\t\t\t\t\t<\/div>\n\t\t<\/section>\n\t\t\t\t\t\t\t<\/div>","protected":false},"excerpt":{"rendered":"<p>Szkolenia Zapraszamy wszystkich zainteresowanych -w tym m\u0142odzie\u017c &#8211; podnoszeniem swoich kwalifikacji do udzia\u0142u w szkoleniach z zakresu:\u2013 projektowania i tworzenia mebli \u2013\u00a0wykorzystania [&hellip;]<\/p>","protected":false},"author":1,"featured_media":0,"parent":0,"menu_order":0,"comment_status":"closed","ping_status":"closed","template":"page-templates\/page_front-page.php","meta":{"footnotes":""},"class_list":["post-1615","page","type-page","status-publish","hentry"],"yoast_head":"<!-- This site is optimized with the Yoast SEO plugin v25.1 - https:\/\/yoast.com\/wordpress\/plugins\/seo\/ -->\n<title>Szkolenia - lakfront.pl<\/title>\n<meta name=\"robots\" content=\"index, follow, max-snippet:-1, max-image-preview:large, max-video-preview:-1\" \/>\n<link rel=\"canonical\" href=\"https:\/\/www.lakfront.pl\/en\/szkolenia\/\" \/>\n<meta property=\"og:locale\" content=\"en_GB\" \/>\n<meta property=\"og:type\" content=\"article\" \/>\n<meta property=\"og:title\" content=\"Szkolenia - lakfront.pl\" \/>\n<meta property=\"og:description\" content=\"Szkolenia Zapraszamy wszystkich zainteresowanych -w tym m\u0142odzie\u017c &#8211; podnoszeniem swoich kwalifikacji do udzia\u0142u w szkoleniach z zakresu:\u2013 projektowania i tworzenia mebli \u2013\u00a0wykorzystania [&hellip;]\" \/>\n<meta property=\"og:url\" content=\"https:\/\/www.lakfront.pl\/en\/szkolenia\/\" \/>\n<meta property=\"og:site_name\" content=\"lakfront.pl\" \/>\n<meta property=\"article:modified_time\" content=\"2023-05-23T09:20:14+00:00\" \/>\n<meta name=\"twitter:card\" content=\"summary_large_image\" \/>\n<script type=\"application\/ld+json\" class=\"yoast-schema-graph\">{\"@context\":\"https:\/\/schema.org\",\"@graph\":[{\"@type\":\"WebPage\",\"@id\":\"https:\/\/www.lakfront.pl\/szkolenia\/\",\"url\":\"https:\/\/www.lakfront.pl\/szkolenia\/\",\"name\":\"Szkolenia - lakfront.pl\",\"isPartOf\":{\"@id\":\"https:\/\/www.lakfront.pl\/#website\"},\"datePublished\":\"2023-01-26T13:50:42+00:00\",\"dateModified\":\"2023-05-23T09:20:14+00:00\",\"breadcrumb\":{\"@id\":\"https:\/\/www.lakfront.pl\/szkolenia\/#breadcrumb\"},\"inLanguage\":\"en-GB\",\"potentialAction\":[{\"@type\":\"ReadAction\",\"target\":[\"https:\/\/www.lakfront.pl\/szkolenia\/\"]}]},{\"@type\":\"BreadcrumbList\",\"@id\":\"https:\/\/www.lakfront.pl\/szkolenia\/#breadcrumb\",\"itemListElement\":[{\"@type\":\"ListItem\",\"position\":1,\"name\":\"Strona g\u0142\u00f3wna\",\"item\":\"https:\/\/www.lakfront.pl\/\"},{\"@type\":\"ListItem\",\"position\":2,\"name\":\"Szkolenia\"}]},{\"@type\":\"WebSite\",\"@id\":\"https:\/\/www.lakfront.pl\/#website\",\"url\":\"https:\/\/www.lakfront.pl\/\",\"name\":\"lakfront.pl\",\"description\":\"\",\"publisher\":{\"@id\":\"https:\/\/www.lakfront.pl\/#organization\"},\"potentialAction\":[{\"@type\":\"SearchAction\",\"target\":{\"@type\":\"EntryPoint\",\"urlTemplate\":\"https:\/\/www.lakfront.pl\/?s={search_term_string}\"},\"query-input\":{\"@type\":\"PropertyValueSpecification\",\"valueRequired\":true,\"valueName\":\"search_term_string\"}}],\"inLanguage\":\"en-GB\"},{\"@type\":\"Organization\",\"@id\":\"https:\/\/www.lakfront.pl\/#organization\",\"name\":\"lakfront.pl\",\"url\":\"https:\/\/www.lakfront.pl\/\",\"logo\":{\"@type\":\"ImageObject\",\"inLanguage\":\"en-GB\",\"@id\":\"https:\/\/www.lakfront.pl\/#\/schema\/logo\/image\/\",\"url\":\"https:\/\/www.lakfront.pl\/wp-content\/uploads\/2023\/03\/logo_tlo.jpg\",\"contentUrl\":\"https:\/\/www.lakfront.pl\/wp-content\/uploads\/2023\/03\/logo_tlo.jpg\",\"width\":500,\"height\":500,\"caption\":\"lakfront.pl\"},\"image\":{\"@id\":\"https:\/\/www.lakfront.pl\/#\/schema\/logo\/image\/\"}}]}<\/script>\n<!-- \/ Yoast SEO plugin. -->","yoast_head_json":{"title":"Szkolenia - lakfront.pl","robots":{"index":"index","follow":"follow","max-snippet":"max-snippet:-1","max-image-preview":"max-image-preview:large","max-video-preview":"max-video-preview:-1"},"canonical":"https:\/\/www.lakfront.pl\/en\/szkolenia\/","og_locale":"en_GB","og_type":"article","og_title":"Szkolenia - lakfront.pl","og_description":"Szkolenia Zapraszamy wszystkich zainteresowanych -w tym m\u0142odzie\u017c &#8211; podnoszeniem swoich kwalifikacji do udzia\u0142u w szkoleniach z zakresu:\u2013 projektowania i tworzenia mebli \u2013\u00a0wykorzystania [&hellip;]","og_url":"https:\/\/www.lakfront.pl\/en\/szkolenia\/","og_site_name":"lakfront.pl","article_modified_time":"2023-05-23T09:20:14+00:00","twitter_card":"summary_large_image","schema":{"@context":"https:\/\/schema.org","@graph":[{"@type":"WebPage","@id":"https:\/\/www.lakfront.pl\/szkolenia\/","url":"https:\/\/www.lakfront.pl\/szkolenia\/","name":"Szkolenia - lakfront.pl","isPartOf":{"@id":"https:\/\/www.lakfront.pl\/#website"},"datePublished":"2023-01-26T13:50:42+00:00","dateModified":"2023-05-23T09:20:14+00:00","breadcrumb":{"@id":"https:\/\/www.lakfront.pl\/szkolenia\/#breadcrumb"},"inLanguage":"en-GB","potentialAction":[{"@type":"ReadAction","target":["https:\/\/www.lakfront.pl\/szkolenia\/"]}]},{"@type":"BreadcrumbList","@id":"https:\/\/www.lakfront.pl\/szkolenia\/#breadcrumb","itemListElement":[{"@type":"ListItem","position":1,"name":"Strona g\u0142\u00f3wna","item":"https:\/\/www.lakfront.pl\/"},{"@type":"ListItem","position":2,"name":"Szkolenia"}]},{"@type":"WebSite","@id":"https:\/\/www.lakfront.pl\/#website","url":"https:\/\/www.lakfront.pl\/","name":"lakfront.pl","description":"","publisher":{"@id":"https:\/\/www.lakfront.pl\/#organization"},"potentialAction":[{"@type":"SearchAction","target":{"@type":"EntryPoint","urlTemplate":"https:\/\/www.lakfront.pl\/?s={search_term_string}"},"query-input":{"@type":"PropertyValueSpecification","valueRequired":true,"valueName":"search_term_string"}}],"inLanguage":"en-GB"},{"@type":"Organization","@id":"https:\/\/www.lakfront.pl\/#organization","name":"lakfront.pl","url":"https:\/\/www.lakfront.pl\/","logo":{"@type":"ImageObject","inLanguage":"en-GB","@id":"https:\/\/www.lakfront.pl\/#\/schema\/logo\/image\/","url":"https:\/\/www.lakfront.pl\/wp-content\/uploads\/2023\/03\/logo_tlo.jpg","contentUrl":"https:\/\/www.lakfront.pl\/wp-content\/uploads\/2023\/03\/logo_tlo.jpg","width":500,"height":500,"caption":"lakfront.pl"},"image":{"@id":"https:\/\/www.lakfront.pl\/#\/schema\/logo\/image\/"}}]}},"_links":{"self":[{"href":"https:\/\/www.lakfront.pl\/en\/wp-json\/wp\/v2\/pages\/1615","targetHints":{"allow":["GET"]}}],"collection":[{"href":"https:\/\/www.lakfront.pl\/en\/wp-json\/wp\/v2\/pages"}],"about":[{"href":"https:\/\/www.lakfront.pl\/en\/wp-json\/wp\/v2\/types\/page"}],"author":[{"embeddable":true,"href":"https:\/\/www.lakfront.pl\/en\/wp-json\/wp\/v2\/users\/1"}],"replies":[{"embeddable":true,"href":"https:\/\/www.lakfront.pl\/en\/wp-json\/wp\/v2\/comments?post=1615"}],"version-history":[{"count":10,"href":"https:\/\/www.lakfront.pl\/en\/wp-json\/wp\/v2\/pages\/1615\/revisions"}],"predecessor-version":[{"id":1747,"href":"https:\/\/www.lakfront.pl\/en\/wp-json\/wp\/v2\/pages\/1615\/revisions\/1747"}],"wp:attachment":[{"href":"https:\/\/www.lakfront.pl\/en\/wp-json\/wp\/v2\/media?parent=1615"}],"curies":[{"name":"wp","href":"https:\/\/api.w.org\/{rel}","templated":true}]}}